{"id":19,"date":"2020-04-30T15:40:36","date_gmt":"2020-04-30T15:40:36","guid":{"rendered":"https:\/\/ullekolk.ee\/?page_id=19"},"modified":"2026-04-10T16:46:37","modified_gmt":"2026-04-10T16:46:37","slug":"teenused","status":"publish","type":"page","link":"https:\/\/ullekolk.ee\/","title":{"rendered":"Pealeht"},"content":{"rendered":"\n<p class=\"has-text-align-left has-vivid-purple-color has-text-color has-medium-font-size\"><\/p>\n\n\n\n<p><strong>Aadress:&nbsp;&nbsp;&nbsp;<a href=\"https:\/\/www.google.com\/maps\/place\/%C3%9Clle+Kolk+%26+Co+O%C3%9C\/@59.4069696,24.7321182,17z\/data=!3m1!4b1!4m6!3m5!1s0x4692949a77fdcf59:0x5e75c45b75200f0d!8m2!3d59.4069696!4d24.7346931!16s%2Fg%2F11cmt5jgq2?entry=ttu&amp;g_ep=EgoyMDI2MDQwNi4wIKXMDSoASAFQAw%3D%3D\">Karamelli 2 &#8211; 308,&nbsp;&nbsp;&nbsp;11317 Tallinn<\/a><\/strong><\/p>\n\n\n\n<p><strong>Kontakt:&nbsp;&nbsp;tel.&nbsp;&nbsp;&nbsp;+372 50 93505,&nbsp;&nbsp;&nbsp;+372 6311 038,&nbsp;&nbsp;&nbsp;+372 5349 0654<\/strong><\/p>\n\n\n\n<p>e-mail:&nbsp;&nbsp;&nbsp;<a href=\"mailto:ullekolkco@gmail.com\">ullekolkco@gmail.com<\/a>,&nbsp;&nbsp;&nbsp;<a href=\"mailto:ulle.kolk@gmail.com\">ulle.kolk@gmail.com<\/a><\/p>\n\n\n\n<p class=\"has-text-align-left has-vivid-purple-color has-text-color has-medium-font-size\"><strong>Teenused<\/strong><\/p>\n\n\n\n<p><strong>A&amp;E G\u00fctermann<\/strong>\u00a0 \u00f5mblusniidid, overlokkniidid, tikkimis\u2013, salapiste- ja dekoorniidid r\u00f5ivat\u00f6\u00f6stusele<\/p>\n\n\n\n<p>\u00f5mblusniidid igale kangale, siidi\u2013 ja puuvillaniidid, linased ja vahatatud niidid, litrid, <\/p>\n\n\n\n<p> p\u00e4rlid, helmed, piiprellid &nbsp;kanga\u2013 ja k\u00e4sit\u00f6\u00f6kauplustele, ehete valmistajatele<\/p>\n\n\n\n<p><strong>Swarovski<\/strong> kristallidest elemendid: ripatsid, n\u00f6\u00f6bid, peale\u00f5mmeldavad kivid, kristall \u2013 motiivid,<\/p>\n\n\n\n<p>kristallp\u00e4rlid ja \u2013litrid, kristallidega t\u00f5mblukud ja needid<\/p>\n\n\n\n<p>Ehted Swarovski kristallidega&nbsp;&nbsp;&nbsp;<\/p>\n\n\n\n<p>Etiketid ja aplikatsioonid r\u00f5ivat\u00f6\u00f6stusele<\/p>\n\n\n\n<p>N\u00f6\u00f6bid, pandlad, aksessuaarid ja lipsukesed r\u00f5ivastele, pesule, supelr\u00f5ivastele ja korsett &#8211; toodetele<\/p>\n\n\n\n<p>Elastsed paelad ja bandaa\u017aid r\u00f5iva \u2013 ja meditsiinit\u00f6\u00f6stusele<\/p>\n\n\n\n<p>Tehnilised ja ilupaelad paelad<\/p>\n\n\n\n<p>Tikandid, broderiipaelad<\/p>\n\n\n\n<p>Elastsed kangad, kandi\u2013 ja \u00f5lapaelad &nbsp;pesule, korsett \u2013 toodetele<\/p>\n\n\n\n<p>Kleidi-, pluusi-, s\u00e4rgi-, kost\u00fc\u00fcmikangad<\/p>\n\n\n\n<p>Sametkangad, kangad kunstkarvast ja kunstnahast<\/p>\n\n\n\n<p>Ehtetarvikud, n\u00f6\u00f6rid, kinnitused, ketid, vahel\u00fclid<\/p>\n\n\n\n<p>_______________________________________________________________<\/p>\n\n\n\n<p><\/p>\n\n\n\n<p><strong>Address:&nbsp;&nbsp;&nbsp;<a href=\"https:\/\/www.google.com\/maps\/place\/%C3%9Clle+Kolk+%26+Co+O%C3%9C\/@59.4069696,24.7321182,17z\/data=!3m1!4b1!4m6!3m5!1s0x4692949a77fdcf59:0x5e75c45b75200f0d!8m2!3d59.4069696!4d24.7346931!16s%2Fg%2F11cmt5jgq2?entry=ttu&amp;g_ep=EgoyMDI2MDQwNi4wIKXMDSoASAFQAw%3D%3D\">Karamelli 2 &#8211; 308,&nbsp;&nbsp;&nbsp;11317 Tallinn<\/a><\/strong><\/p>\n\n\n\n<p><strong>Phones:&nbsp;&nbsp;&nbsp;tel.&nbsp;&nbsp;&nbsp;+372 50 93505,&nbsp;&nbsp;&nbsp;+372 6311 038,&nbsp;&nbsp;&nbsp;+372 5349 0654<\/strong><\/p>\n\n\n\n<p>&nbsp;e-mails:&nbsp;&nbsp;&nbsp;<a href=\"mailto:ullekolkco@gmail.com\">ullekolkco@gmail.com<\/a>,&nbsp;&nbsp;&nbsp;&nbsp;<a href=\"mailto:ulle.kolk@gmail.com\">ulle.kolk@gmail.com<\/a><\/p>\n\n\n\n<p class=\"has-text-align-left has-vivid-purple-color has-text-color has-medium-font-size\"><strong>Services<\/strong><\/p>\n\n\n\n<p><strong>A&amp;E G\u00fctermann<\/strong>&nbsp; sewing \u2013 threads, overlocking threads, embroidery\u2013, blindstitch, decorative threads for sewing industry.<\/p>\n\n\n\n<p>Universal sew- all threads, silk and natural cotton threads, linen threads, sequins,&nbsp;&nbsp;<\/p>\n\n\n\n<p>glass beads, rocailles, bugle beads for shops and jewellery making.<\/p>\n\n\n\n<p><strong>Swarovski<\/strong>&nbsp;crystal elements: pendants, buttons, sew \u2013 on stones, transfers with crystal stones<\/p>\n\n\n\n<p>crystal beads and sequins, zippers, decorated with crystals.<\/p>\n\n\n\n<p>Jewellery, using crystal stones.&nbsp;&nbsp;<\/p>\n\n\n\n<p>Labels for textile industry.<\/p>\n\n\n\n<p>Buttons, buckles, accessories and ready \u2013 made bows for ladies \u2013 and menswear, lingerie, swimwear and corsetrie.<\/p>\n\n\n\n<p>Elastic tapes, ribbons, bands and bandages for sewing and medical textile industry.<\/p>\n\n\n\n<p>Technical and decorative ribbons.<\/p>\n\n\n\n<p>Embroidery.<\/p>\n\n\n\n<p>Elastic fabrics, special ribbons for lingerie, corsetry.<\/p>\n\n\n\n<p>Fabrics for dresses, blouses, shirting, costumes.<\/p>\n\n\n\n<p>Velvet and fur fabrics.<\/p>\n","protected":false},"excerpt":{"rendered":"<p>Aadress:&nbsp;&nbsp;&nbsp;Karamelli 2 &#8211; 308,&nbsp;&nbsp;&nbsp;11317 Tallinn Kontakt:&nbsp;&nbsp;tel.&nbsp;&nbsp;&nbsp;+372 50 93505,&nbsp;&nbsp;&nbsp;+372 6311 038,&nbsp;&nbsp;&nbsp;+372 5349 0654 e-mail:&nbsp;&nbsp;&nbsp;ullekolkco@gmail.com,&nbsp;&nbsp;&nbsp;ulle.kolk@gmail.com Teenused A&amp;E G\u00fctermann\u00a0 \u00f5mblusniidid, overlokkniidid, tikkimis\u2013, salapiste- ja dekoorniidid r\u00f5ivat\u00f6\u00f6stusele \u00f5mblusniidid igale kangale, siidi\u2013 ja puuvillaniidid, linased ja vahatatud niidid, litrid, p\u00e4rlid, helmed, piiprellid &nbsp;kanga\u2013 ja k\u00e4sit\u00f6\u00f6kauplustele, ehete valmistajatele Swarovski kristallidest elemendid: ripatsid, n\u00f6\u00f6bid, peale\u00f5mmeldavad kivid, kristall \u2013 motiivid, kristallp\u00e4rlid ja \u2013litrid, &hellip; <\/p>\n<p class=\"link-more\"><a href=\"https:\/\/ullekolk.ee\/\" class=\"more-link\">Continue reading<span class=\"screen-reader-text\"> &#8220;Pealeht&#8221;<\/span><\/a><\/p>\n","protected":false},"author":1,"featured_media":0,"parent":0,"menu_order":0,"comment_status":"closed","ping_status":"closed","template":"","meta":{"footnotes":""},"class_list":["post-19","page","type-page","status-publish","hentry"],"_links":{"self":[{"href":"https:\/\/ullekolk.ee\/index.php?rest_route=\/wp\/v2\/pages\/19","targetHints":{"allow":["GET"]}}],"collection":[{"href":"https:\/\/ullekolk.ee\/index.php?rest_route=\/wp\/v2\/pages"}],"about":[{"href":"https:\/\/ullekolk.ee\/index.php?rest_route=\/wp\/v2\/types\/page"}],"author":[{"embeddable":true,"href":"https:\/\/ullekolk.ee\/index.php?rest_route=\/wp\/v2\/users\/1"}],"replies":[{"embeddable":true,"href":"https:\/\/ullekolk.ee\/index.php?rest_route=%2Fwp%2Fv2%2Fcomments&post=19"}],"version-history":[{"count":16,"href":"https:\/\/ullekolk.ee\/index.php?rest_route=\/wp\/v2\/pages\/19\/revisions"}],"predecessor-version":[{"id":148,"href":"https:\/\/ullekolk.ee\/index.php?rest_route=\/wp\/v2\/pages\/19\/revisions\/148"}],"wp:attachment":[{"href":"https:\/\/ullekolk.ee\/index.php?rest_route=%2Fwp%2Fv2%2Fmedia&parent=19"}],"curies":[{"name":"wp","href":"https:\/\/api.w.org\/{rel}","templated":true}]}}